{"id":604,"date":"2015-08-12T18:42:57","date_gmt":"2015-08-12T18:42:57","guid":{"rendered":"http:\/\/pablosaric.tupadre.cl\/equipo-2\/"},"modified":"2016-09-10T01:12:01","modified_gmt":"2016-09-10T01:12:01","slug":"equipo","status":"publish","type":"page","link":"https:\/\/pablosaric.com\/en\/equipo\/","title":{"rendered":"Equipo"},"content":{"rendered":"<p>[et_pb_section admin_label=&#8221;section&#8221;][et_pb_row admin_label=&#8221;row&#8221; make_fullwidth=&#8221;off&#8221; use_custom_width=&#8221;off&#8221; width_unit=&#8221;on&#8221; use_custom_gutter=&#8221;off&#8221; padding_mobile=&#8221;off&#8221; custom_margin=&#8221;14px|||&#8221; custom_margin_last_edited=&#8221;on|desktop&#8221; allow_player_pause=&#8221;off&#8221; parallax=&#8221;off&#8221; parallax_method=&#8221;off&#8221; make_equal=&#8221;off&#8221; parallax_1=&#8221;off&#8221; parallax_method_1=&#8221;off&#8221; parallax_2=&#8221;off&#8221; parallax_method_2=&#8221;off&#8221; column_padding_mobile=&#8221;on&#8221;][et_pb_column type=&#8221;1_3&#8243;][et_pb_image admin_label=&#8221;Imagen&#8221; src=&#8221;http:\/\/pablosaric.com\/wpcms\/wp-content\/uploads\/2015\/08\/thumb2_74f56867-2c8e-4003-9059-436288440803-log1.jpg&#8221; animation=&#8221;off&#8221; show_in_lightbox=&#8221;off&#8221; url_new_window=&#8221;off&#8221; sticky=&#8221;off&#8221;]<\/p>\n<p>&nbsp;<\/p>\n<p>[\/et_pb_image][\/et_pb_column][et_pb_column type=&#8221;2_3&#8243;][et_pb_text admin_label=&#8221;Texto&#8221; background_layout=&#8221;dark&#8221; text_orientation=&#8221;left&#8221; use_border_color=&#8221;off&#8221; border_color=&#8221;#ffffff&#8221; border_style=&#8221;solid&#8221;]<\/p>\n<p style=\"text-align: justify;\">Pablo Saric Huidobro has received his architectural degree from Universidad Central 1997, Master of Science in Advanced Architectural Design Columbia University 1999, Master of Arquitectura, Cr\u00edtica y Proyecto Universidad Polit\u00e9cnica de Catalu\u00f1a 2000, Ph.D. candidate at Universidad Polit\u00e9cnica de Catalu\u00f1a.<\/p>\n<p style=\"text-align: justify;\">His professional practice started in the office Konn, Pedersen &amp; Fox Associates in New York and Carmen Pinos Studio in Barcelona. In 2004 founded 01ARQ, project he shared with Christian Winckler and Felipe Fritz; in 2015 forms the Pablo Saric Huidobro &amp; Associates Architects.<\/p>\n<p style=\"text-align: justify;\">He has combined professional practice with and academic development as a professor in the Master of Architecture at the Catholic University, University Diego Portales, Universidad Mayor, Universidad Central, Universidad Andres Bello. He is currently Director of the School of Design at the University Adolfo Ib\u00e1\u00f1ez, where he also directs the Center for Architecture and Materials.<\/p>\n<p style=\"text-align: justify;\">His work has been selected in various Biennials of Chile, Universidad Mayor has awarded the Grand Prize 2012 by remodeling the Fanjzylber room at the United Nations building in Santiago. He has directed the International Pannel at the Bienal de Chile in 2008 and 2012. Among his awards include scholarship President of the Republic, granted by the government of Chile, Fulbright, granted by the government of the United States.<\/p>\n<p>[\/et_pb_text][\/et_pb_column][\/et_pb_row][et_pb_row admin_label=&#8221;row&#8221;][et_pb_column type=&#8221;4_4&#8243;][et_pb_divider admin_label=&#8221;Separador&#8221; color=&#8221;#ffffff&#8221; show_divider=&#8221;on&#8221; divider_style=&#8221;solid&#8221; divider_position=&#8221;top&#8221; hide_on_mobile=&#8221;on&#8221;]<\/p>\n<p>&nbsp;<\/p>\n<p>[\/et_pb_divider][et_pb_text admin_label=&#8221;Texto&#8221; background_layout=&#8221;dark&#8221; text_orientation=&#8221;left&#8221; use_border_color=&#8221;off&#8221; border_color=&#8221;#ffffff&#8221; border_style=&#8221;solid&#8221;]<\/p>\n<h2><strong>Contributors:<\/strong><\/h2>\n<p>[\/et_pb_text][\/et_pb_column][\/et_pb_row][et_pb_row admin_label=&#8221;row&#8221;][et_pb_column type=&#8221;1_4&#8243;][et_pb_text admin_label=&#8221;Texto&#8221; background_layout=&#8221;dark&#8221; text_orientation=&#8221;left&#8221; use_border_color=&#8221;off&#8221; border_color=&#8221;#ffffff&#8221; border_style=&#8221;solid&#8221;]<\/p>\n<p>\u00c1lvaro Baile<\/p>\n<p>Monserrat Buale<\/p>\n<p>Miguel Ortiz<\/p>\n<p>Oscar Terrazas<\/p>\n<p>Sim\u00f3n Henriquez<\/p>\n<p>[\/et_pb_text][\/et_pb_column][et_pb_column type=&#8221;1_4&#8243;][et_pb_text admin_label=&#8221;Texto&#8221; background_layout=&#8221;dark&#8221; text_orientation=&#8221;left&#8221; use_border_color=&#8221;off&#8221; border_color=&#8221;#ffffff&#8221; border_style=&#8221;solid&#8221;]<\/p>\n<p>Javiera Barrientos<\/p>\n<p>Amalia Oats<\/p>\n<p>Arturo Bustios<\/p>\n<p>Rodrigo Gomez<\/p>\n<p>Juan Pablo Duarte<\/p>\n<p>[\/et_pb_text][\/et_pb_column][et_pb_column type=&#8221;1_4&#8243;][et_pb_text admin_label=&#8221;Texto&#8221; background_layout=&#8221;dark&#8221; text_orientation=&#8221;left&#8221; use_border_color=&#8221;off&#8221; border_color=&#8221;#ffffff&#8221; border_style=&#8221;solid&#8221;]<\/p>\n<p>Mauricio Bruna<\/p>\n<p>Alejandro Gandarillas<\/p>\n<p>Samanta Rivero<\/p>\n<p>Juan Jose Zara<\/p>\n<p>Marcos Cardenas<\/p>\n<p>[\/et_pb_text][\/et_pb_column][et_pb_column type=&#8221;1_4&#8243;][et_pb_text admin_label=&#8221;Texto&#8221; background_layout=&#8221;dark&#8221; text_orientation=&#8221;left&#8221; use_border_color=&#8221;off&#8221; border_color=&#8221;#ffffff&#8221; border_style=&#8221;solid&#8221;]<\/p>\n<p>Cristian Piwonka<\/p>\n<p>Ignacio Caroca<\/p>\n<p>Soledad Mallol<\/p>\n<p class=\"p1\"><span class=\"s1\">Hernan\u00a0Furnies<\/span><\/p>\n<p>[\/et_pb_text][\/et_pb_column][\/et_pb_row][et_pb_row admin_label=&#8221;row&#8221;][et_pb_column type=&#8221;4_4&#8243;][et_pb_text admin_label=&#8221;Texto&#8221; background_layout=&#8221;light&#8221; text_orientation=&#8221;left&#8221; use_border_color=&#8221;off&#8221; border_color=&#8221;#ffffff&#8221; border_style=&#8221;solid&#8221;]<\/p>\n<p style=\"text-align: center;\"><span style=\"color: #ffffff;\"><span class=\"s1\"><a style=\"color: #ffffff;\" href=\"http:\/\/pablosaric.com\/wpcms\/\">\u00b7 Pablo Saric Huidobro &nbsp;Arquitectos Asociados \u00b7<\/a>&nbsp;<\/span><span class=\"s1\">Estoril 200, Of # 733, Las Condes. Santiago. Chile&nbsp;<\/span><span class=\"s2\"><a style=\"color: #ffffff;\" href=\"tel:\/\/+569 9579 3991\">+569 9579 3991<\/a><\/span><span class=\"s3\"> <span class=\"s4\"><a style=\"color: #ffffff;\" href=\"tel:\/\/+562 2706 3778\">+562 2706 3778<\/a>&nbsp;<\/span><\/span><span class=\"s2\"><a style=\"color: #ffffff;\" href=\"mailto:ps@pablosaric.com\">ps@pablosaric.com<\/a><\/span><\/span><\/p>\n<p>[\/et_pb_text][\/et_pb_column][\/et_pb_row][\/et_pb_section]<\/p>\n","protected":false},"excerpt":{"rendered":"<p>[et_pb_section admin_label=&#8221;section&#8221;][et_pb_row admin_label=&#8221;row&#8221; make_fullwidth=&#8221;off&#8221; use_custom_width=&#8221;off&#8221; width_unit=&#8221;on&#8221; use_custom_gutter=&#8221;off&#8221; padding_mobile=&#8221;off&#8221; custom_margin=&#8221;14px|||&#8221; custom_margin_last_edited=&#8221;on|desktop&#8221; allow_player_pause=&#8221;off&#8221; parallax=&#8221;off&#8221; parallax_method=&#8221;off&#8221; make_equal=&#8221;off&#8221; parallax_1=&#8221;off&#8221; parallax_method_1=&#8221;off&#8221; parallax_2=&#8221;off&#8221; parallax_method_2=&#8221;off&#8221; column_padding_mobile=&#8221;on&#8221;][et_pb_column type=&#8221;1_3&#8243;][et_pb_image admin_label=&#8221;Imagen&#8221; src=&#8221;http:\/\/pablosaric.com\/wpcms\/wp-content\/uploads\/2015\/08\/thumb2_74f56867-2c8e-4003-9059-436288440803-log1.jpg&#8221; animation=&#8221;off&#8221; show_in_lightbox=&#8221;off&#8221; url_new_window=&#8221;off&#8221; sticky=&#8221;off&#8221;] &nbsp; [\/et_pb_image][\/et_pb_column][et_pb_column type=&#8221;2_3&#8243;][et_pb_text admin_label=&#8221;Texto&#8221; background_layout=&#8221;dark&#8221; text_orientation=&#8221;left&#8221; use_border_color=&#8221;off&#8221; border_color=&#8221;#ffffff&#8221; border_style=&#8221;solid&#8221;] Pablo Saric Huidobro has received his architectural degree from Universidad Central 1997, Master of Science in Advanced Architectural Design Columbia [&hellip;]<\/p>\n","protected":false},"author":1,"featured_media":0,"parent":0,"menu_order":0,"comment_status":"open","ping_status":"open","template":"","meta":{"_acf_changed":false,"footnotes":""},"class_list":["post-604","page","type-page","status-publish","hentry"],"acf":[],"_links":{"self":[{"href":"https:\/\/pablosaric.com\/en\/wp-json\/wp\/v2\/pages\/604","targetHints":{"allow":["GET"]}}],"collection":[{"href":"https:\/\/pablosaric.com\/en\/wp-json\/wp\/v2\/pages"}],"about":[{"href":"https:\/\/pablosaric.com\/en\/wp-json\/wp\/v2\/types\/page"}],"author":[{"embeddable":true,"href":"https:\/\/pablosaric.com\/en\/wp-json\/wp\/v2\/users\/1"}],"replies":[{"embeddable":true,"href":"https:\/\/pablosaric.com\/en\/wp-json\/wp\/v2\/comments?post=604"}],"version-history":[{"count":23,"href":"https:\/\/pablosaric.com\/en\/wp-json\/wp\/v2\/pages\/604\/revisions"}],"predecessor-version":[{"id":3125,"href":"https:\/\/pablosaric.com\/en\/wp-json\/wp\/v2\/pages\/604\/revisions\/3125"}],"wp:attachment":[{"href":"https:\/\/pablosaric.com\/en\/wp-json\/wp\/v2\/media?parent=604"}],"curies":[{"name":"wp","href":"https:\/\/api.w.org\/{rel}","templated":true}]}}